{"id":538,"date":"2024-02-13T07:36:18","date_gmt":"2024-02-13T06:36:18","guid":{"rendered":"https:\/\/reposteriaesmeralda.com\/?post_type=product&#038;p=538"},"modified":"2024-02-13T07:49:14","modified_gmt":"2024-02-13T06:49:14","slug":"box-salsa-macha","status":"publish","type":"product","link":"https:\/\/reposteriaesmeralda.com\/index.php\/product\/box-salsa-macha\/","title":{"rendered":"Caja con salsa macha"},"content":{"rendered":"<p>Env\u00eda esta deliciosa combinaci\u00f3n que pica sabroz\u00f3n.<\/p>\n<ul>\n<li>1 frasco con nuestra picosona salsa macha hecha con chiles, semillas y nuez.<\/li>\n<li>1 frasco con cacahuate cantinero.<\/li>\n<\/ul>\n<p>El frasco de cacahuates incluye la leyenda &#8220;Te amo&#8221; y un corazoncito.<\/p>\n<p>La cajita va decorada con papel tono rojo y un hermoso list\u00f3n.<br \/>\nCosto $185 pesos<\/p>\n<p>\ud83d\udccdEntregamos a domicilio (costo extra) y en nuestras sucursales.<\/p>\n<ul>\n<li>Revisa disponibilidad mediante WhatsApp al 8186044627<\/li>\n<\/ul>\n","protected":false},"excerpt":{"rendered":"<p>Queremos que le pique bien sabroz\u00f3n, env\u00eda esta deliciosa salsa macha para que siempre se acuerde de ti.<\/p>\n","protected":false},"featured_media":509,"comment_status":"open","ping_status":"closed","template":"","meta":{"jetpack_publicize_message":"","jetpack_is_tweetstorm":false,"jetpack_publicize_feature_enabled":true,"jetpack_social_post_already_shared":true,"jetpack_social_options":{"image_generator_settings":{"template":"highway","enabled":false}}},"product_cat":[33,29,32,148],"product_tag":[106,146,23,24,37,25,145,27,125,38,147,153,22,28,152,151,144],"class_list":["post-538","product","type-product","status-publish","has-post-thumbnail","hentry","product_cat-ocasiones","product_cat-regalos","product_cat-regalos-corporativos","product_cat-san-valentin-2024","product_tag-amor","product_tag-apodaca","product_tag-desayuno","product_tag-desayuno-sorpresa","product_tag-dia-de-las-madres","product_tag-envio-a-domicilio","product_tag-feliz-san-valentin","product_tag-globos","product_tag-love","product_tag-mama","product_tag-nuevo-leon","product_tag-picante","product_tag-postre","product_tag-regalos","product_tag-salsa","product_tag-salsa-macha","product_tag-san-valentin"],"jetpack_publicize_connections":[],"aioseo_notices":[],"_links":{"self":[{"href":"https:\/\/reposteriaesmeralda.com\/index.php\/wp-json\/wp\/v2\/product\/538","targetHints":{"allow":["GET"]}}],"collection":[{"href":"https:\/\/reposteriaesmeralda.com\/index.php\/wp-json\/wp\/v2\/product"}],"about":[{"href":"https:\/\/reposteriaesmeralda.com\/index.php\/wp-json\/wp\/v2\/types\/product"}],"replies":[{"embeddable":true,"href":"https:\/\/reposteriaesmeralda.com\/index.php\/wp-json\/wp\/v2\/comments?post=538"}],"wp:featuredmedia":[{"embeddable":true,"href":"https:\/\/reposteriaesmeralda.com\/index.php\/wp-json\/wp\/v2\/media\/509"}],"wp:attachment":[{"href":"https:\/\/reposteriaesmeralda.com\/index.php\/wp-json\/wp\/v2\/media?parent=538"}],"wp:term":[{"taxonomy":"product_cat","embeddable":true,"href":"https:\/\/reposteriaesmeralda.com\/index.php\/wp-json\/wp\/v2\/product_cat?post=538"},{"taxonomy":"product_tag","embeddable":true,"href":"https:\/\/reposteriaesmeralda.com\/index.php\/wp-json\/wp\/v2\/product_tag?post=538"}],"curies":[{"name":"wp","href":"https:\/\/api.w.org\/{rel}","templated":true}]}}