{"id":534,"date":"2024-02-13T07:24:18","date_gmt":"2024-02-13T06:24:18","guid":{"rendered":"https:\/\/reposteriaesmeralda.com\/?post_type=product&#038;p=534"},"modified":"2026-02-11T22:32:49","modified_gmt":"2026-02-11T21:32:49","slug":"pastel-diamantitocake","status":"publish","type":"product","link":"https:\/\/reposteriaesmeralda.com\/index.php\/product\/pastel-diamantitocake\/","title":{"rendered":"Pastel individual &#8211; DiamantitoCake"},"content":{"rendered":"<p>Regala un pastel con un mensaje para esa persona especial, le ponemos el texto que prefieras (m\u00e1ximo 3 o 4 palabras).<br \/>\nPan sabor vainilla cubierto con nuestro delicioso bet\u00fan de mantequilla, relleno de mermelada de fresa.<br \/>\nSe entrega en desechable tipo hamburguesero y con list\u00f3n. Listo para regalar.<br \/>\nCosto $130 pesos.<br \/>\nEntregamos a domicilio (costo extra) y en nuestras sucursales:<br \/>\n\ud83d\udccd<strong> Apodaca Centro:<\/strong><br \/>\nCalle Mariano Matamoros #312A, Apodaca Centro, 66600, Cdad. Apodaca, N. L. Entre Jos\u00e9 Mar\u00eda Morelos y Pav\u00f3n y 5 de Mayo<br \/>\nhttps:\/\/maps.app.goo.gl\/3yFGEYzH5hDXW7Zy8<br \/>\nHorario de 10 a 6PM<\/p>\n<p>\ud83d\udccd<strong>Metroplex:<\/strong><br \/>\nCalle N19, C. E Sexta 469, Metroplex II, 66612 Cdad. Apodaca, N.L.<br \/>\nhttps:\/\/maps.app.goo.gl\/NLpWNkQj42mXDTFT6<br \/>\nHorario de 12 a 8PM<\/p>\n<p>Revisa disponibilidad y agenda mediante \ud83d\udcf2 WhatsApp al 8186044627<br \/>\n<strong>Cat\u00e1logo en WhatsApp:<\/strong><br \/>\nhttps:\/\/wa.me\/c\/5218186044627<br \/>\nhttps:\/\/www.facebook.com\/reel\/1569439660475620<\/p>\n","protected":false},"excerpt":{"rendered":"<p>Env\u00edale un hermoso pastel a su domicilio. Mensaje oculto incluido.<\/p>\n","protected":false},"featured_media":992,"comment_status":"open","ping_status":"closed","template":"","meta":{"jetpack_publicize_message":"","jetpack_is_tweetstorm":false,"jetpack_publicize_feature_enabled":true,"jetpack_social_post_already_shared":true,"jetpack_social_options":{"image_generator_settings":{"template":"highway","enabled":false}}},"product_cat":[65,33,61,129,29,142,148],"product_tag":[106,146,23,24,37,25,145,27,125,38,147,21,22,28,144],"class_list":["post-534","product","type-product","status-publish","has-post-thumbnail","hentry","product_cat-mantequilla","product_cat-ocasiones","product_cat-pasteles","product_cat-postres-de-obsequio","product_cat-regalos","product_cat-pasteles-san-valentin","product_cat-san-valentin-2024","product_tag-amor","product_tag-apodaca","product_tag-desayuno","product_tag-desayuno-sorpresa","product_tag-dia-de-las-madres","product_tag-envio-a-domicilio","product_tag-feliz-san-valentin","product_tag-globos","product_tag-love","product_tag-mama","product_tag-nuevo-leon","product_tag-pastel","product_tag-postre","product_tag-regalos","product_tag-san-valentin"],"jetpack_publicize_connections":[],"aioseo_notices":[],"_links":{"self":[{"href":"https:\/\/reposteriaesmeralda.com\/index.php\/wp-json\/wp\/v2\/product\/534","targetHints":{"allow":["GET"]}}],"collection":[{"href":"https:\/\/reposteriaesmeralda.com\/index.php\/wp-json\/wp\/v2\/product"}],"about":[{"href":"https:\/\/reposteriaesmeralda.com\/index.php\/wp-json\/wp\/v2\/types\/product"}],"replies":[{"embeddable":true,"href":"https:\/\/reposteriaesmeralda.com\/index.php\/wp-json\/wp\/v2\/comments?post=534"}],"wp:featuredmedia":[{"embeddable":true,"href":"https:\/\/reposteriaesmeralda.com\/index.php\/wp-json\/wp\/v2\/media\/992"}],"wp:attachment":[{"href":"https:\/\/reposteriaesmeralda.com\/index.php\/wp-json\/wp\/v2\/media?parent=534"}],"wp:term":[{"taxonomy":"product_cat","embeddable":true,"href":"https:\/\/reposteriaesmeralda.com\/index.php\/wp-json\/wp\/v2\/product_cat?post=534"},{"taxonomy":"product_tag","embeddable":true,"href":"https:\/\/reposteriaesmeralda.com\/index.php\/wp-json\/wp\/v2\/product_tag?post=534"}],"curies":[{"name":"wp","href":"https:\/\/api.w.org\/{rel}","templated":true}]}}