{"id":533,"date":"2024-02-13T07:18:45","date_gmt":"2024-02-13T06:18:45","guid":{"rendered":"https:\/\/reposteriaesmeralda.com\/?post_type=product&#038;p=533"},"modified":"2026-02-11T22:51:28","modified_gmt":"2026-02-11T21:51:28","slug":"pastel-corazon-mensaje-oculto","status":"publish","type":"product","link":"https:\/\/reposteriaesmeralda.com\/index.php\/product\/pastel-corazon-mensaje-oculto\/","title":{"rendered":"Pastel coraz\u00f3n con mensaje oculto"},"content":{"rendered":"<p>Regala un pastel con un mensaje para esa persona especial, le ponemos un texto oculto para que desprenda y lo vea.<br \/>\nPan sabor vainilla cubierto con nuestro delicioso bet\u00fan de mantequilla, relleno de mermelada de fresa.<br \/>\nSe entrega en desechable tipo hamburguesero y con list\u00f3n. Listo para regalar.<br \/>\nCosto $155 pesos.<br \/>\nEntregamos a domicilio (costo extra) y en nuestras sucursales:<br \/>\n<strong>\ud83d\udccd Apodaca Centro:<\/strong><br \/>\nCalle Mariano Matamoros #312A, Apodaca Centro, 66600, Cdad. Apodaca, N. L. Entre Jos\u00e9 Mar\u00eda Morelos y Pav\u00f3n y 5 de Mayo<br \/>\nhttps:\/\/maps.app.goo.gl\/3yFGEYzH5hDXW7Zy8<br \/>\nHorario de 10 a 6PM<\/p>\n<p><strong>\ud83d\udccdMetroplex:<\/strong><br \/>\nCalle N19, C. E Sexta 469, Metroplex II, 66612 Cdad. Apodaca, N.L.<br \/>\nhttps:\/\/maps.app.goo.gl\/NLpWNkQj42mXDTFT6<br \/>\nHorario de 12 a 8PM<\/p>\n<p>Revisa disponibilidad y agenda mediante \ud83d\udcf2 WhatsApp al 8186044627<br \/>\n<strong>Cat\u00e1logo en WhatsApp:<\/strong><br \/>\n<strong>https:\/\/wa.me\/c\/5218186044627<\/strong><br \/>\nhttps:\/\/www.facebook.com\/reel\/1569439660475620<\/p>\n","protected":false},"excerpt":{"rendered":"<p>Env\u00edale un hermoso pastel a su domicilio. Mensaje oculto incluido.<\/p>\n","protected":false},"featured_media":1000,"comment_status":"open","ping_status":"closed","template":"","meta":{"jetpack_publicize_message":"","jetpack_is_tweetstorm":false,"jetpack_publicize_feature_enabled":true,"jetpack_social_post_already_shared":true,"jetpack_social_options":{"image_generator_settings":{"template":"highway","enabled":false}}},"product_cat":[33,61,129,29,142,148],"product_tag":[106,146,23,24,37,25,145,27,125,38,147,21,22,28,144],"class_list":["post-533","product","type-product","status-publish","has-post-thumbnail","hentry","product_cat-ocasiones","product_cat-pasteles","product_cat-postres-de-obsequio","product_cat-regalos","product_cat-pasteles-san-valentin","product_cat-san-valentin-2024","product_tag-amor","product_tag-apodaca","product_tag-desayuno","product_tag-desayuno-sorpresa","product_tag-dia-de-las-madres","product_tag-envio-a-domicilio","product_tag-feliz-san-valentin","product_tag-globos","product_tag-love","product_tag-mama","product_tag-nuevo-leon","product_tag-pastel","product_tag-postre","product_tag-regalos","product_tag-san-valentin"],"jetpack_publicize_connections":[],"aioseo_notices":[],"_links":{"self":[{"href":"https:\/\/reposteriaesmeralda.com\/index.php\/wp-json\/wp\/v2\/product\/533","targetHints":{"allow":["GET"]}}],"collection":[{"href":"https:\/\/reposteriaesmeralda.com\/index.php\/wp-json\/wp\/v2\/product"}],"about":[{"href":"https:\/\/reposteriaesmeralda.com\/index.php\/wp-json\/wp\/v2\/types\/product"}],"replies":[{"embeddable":true,"href":"https:\/\/reposteriaesmeralda.com\/index.php\/wp-json\/wp\/v2\/comments?post=533"}],"wp:featuredmedia":[{"embeddable":true,"href":"https:\/\/reposteriaesmeralda.com\/index.php\/wp-json\/wp\/v2\/media\/1000"}],"wp:attachment":[{"href":"https:\/\/reposteriaesmeralda.com\/index.php\/wp-json\/wp\/v2\/media?parent=533"}],"wp:term":[{"taxonomy":"product_cat","embeddable":true,"href":"https:\/\/reposteriaesmeralda.com\/index.php\/wp-json\/wp\/v2\/product_cat?post=533"},{"taxonomy":"product_tag","embeddable":true,"href":"https:\/\/reposteriaesmeralda.com\/index.php\/wp-json\/wp\/v2\/product_tag?post=533"}],"curies":[{"name":"wp","href":"https:\/\/api.w.org\/{rel}","templated":true}]}}