{"id":298,"date":"2023-10-21T10:42:45","date_gmt":"2023-10-21T08:42:45","guid":{"rendered":"https:\/\/reposteriaesmeralda.com\/?post_type=product&#038;p=298"},"modified":"2026-02-11T23:00:43","modified_gmt":"2026-02-11T22:00:43","slug":"donas","status":"publish","type":"product","link":"https:\/\/reposteriaesmeralda.com\/index.php\/product\/donas\/","title":{"rendered":"Donas"},"content":{"rendered":"<p>Paquete de 10 donas cubierta sabor chocolate, decoradas con grageas de acuerdo a tu tem\u00e1tica.<br \/>\nIncluye celof\u00e1n individual y list\u00f3n.<\/p>\n<p>Tiempo de entrega de 3 d\u00edas h\u00e1biles.<\/p>\n","protected":false},"excerpt":{"rendered":"<p>Brocheta de 3 mini donitas para obsequiar a tus invitados o dar una muestra de cari\u00f1o a tus compa\u00f1eros del trabajo. Vers\u00e1tiles para cada ocasi\u00f3n.<\/p>\n","protected":false},"featured_media":302,"comment_status":"closed","ping_status":"closed","template":"","meta":{"jetpack_publicize_message":"","jetpack_is_tweetstorm":false,"jetpack_publicize_feature_enabled":true,"jetpack_social_post_already_shared":true,"jetpack_social_options":{"image_generator_settings":{"template":"highway","enabled":false}}},"product_cat":[33,129,148],"product_tag":[134,135,106,146,133,136,132,130,108,149,125,137,116,147,131,22,45,150,144,109],"class_list":["post-298","product","type-product","status-publish","has-post-thumbnail","hentry","product_cat-ocasiones","product_cat-postres-de-obsequio","product_cat-san-valentin-2024","product_tag-14-de-febrero","product_tag-amistad","product_tag-amor","product_tag-apodaca","product_tag-cumpleanos","product_tag-donas","product_tag-empresas","product_tag-evento","product_tag-halloween","product_tag-loce","product_tag-love","product_tag-mini-donas","product_tag-navidad","product_tag-nuevo-leon","product_tag-obsequio","product_tag-postre","product_tag-regalo","product_tag-reposteriaesmerldanl","product_tag-san-valentin","product_tag-tematica"],"jetpack_publicize_connections":[],"aioseo_notices":[],"_links":{"self":[{"href":"https:\/\/reposteriaesmeralda.com\/index.php\/wp-json\/wp\/v2\/product\/298","targetHints":{"allow":["GET"]}}],"collection":[{"href":"https:\/\/reposteriaesmeralda.com\/index.php\/wp-json\/wp\/v2\/product"}],"about":[{"href":"https:\/\/reposteriaesmeralda.com\/index.php\/wp-json\/wp\/v2\/types\/product"}],"replies":[{"embeddable":true,"href":"https:\/\/reposteriaesmeralda.com\/index.php\/wp-json\/wp\/v2\/comments?post=298"}],"wp:featuredmedia":[{"embeddable":true,"href":"https:\/\/reposteriaesmeralda.com\/index.php\/wp-json\/wp\/v2\/media\/302"}],"wp:attachment":[{"href":"https:\/\/reposteriaesmeralda.com\/index.php\/wp-json\/wp\/v2\/media?parent=298"}],"wp:term":[{"taxonomy":"product_cat","embeddable":true,"href":"https:\/\/reposteriaesmeralda.com\/index.php\/wp-json\/wp\/v2\/product_cat?post=298"},{"taxonomy":"product_tag","embeddable":true,"href":"https:\/\/reposteriaesmeralda.com\/index.php\/wp-json\/wp\/v2\/product_tag?post=298"}],"curies":[{"name":"wp","href":"https:\/\/api.w.org\/{rel}","templated":true}]}}