{"id":287,"date":"2023-10-21T10:33:13","date_gmt":"2023-10-21T08:33:13","guid":{"rendered":"https:\/\/reposteriaesmeralda.com\/?post_type=product&#038;p=287"},"modified":"2023-10-21T10:52:04","modified_gmt":"2023-10-21T08:52:04","slug":"cortina-metalica-roja","status":"publish","type":"product","link":"https:\/\/reposteriaesmeralda.com\/index.php\/product\/cortina-metalica-roja\/","title":{"rendered":"Cortina met\u00e1lica roja"},"content":{"rendered":"<p>No puede faltar en tu decoraci\u00f3n una bonita cortina met\u00e1lica.<\/p>\n","protected":false},"excerpt":{"rendered":"<p>Cortina met\u00e1lica roja para decorar.<\/p>\n","protected":false},"featured_media":300,"comment_status":"closed","ping_status":"closed","template":"","meta":{"jetpack_publicize_message":"","jetpack_is_tweetstorm":false,"jetpack_publicize_feature_enabled":true,"jetpack_social_post_already_shared":true,"jetpack_social_options":{"image_generator_settings":{"template":"highway","enabled":false}}},"product_cat":[67,70],"product_tag":[106,105,126,128,72,127,109],"class_list":["post-287","product","type-product","status-publish","has-post-thumbnail","hentry","product_cat-accesorios","product_cat-metalico","product_tag-amor","product_tag-aniversario","product_tag-cortina-metalica","product_tag-decoracion","product_tag-feliz-cumpleanos","product_tag-metalico","product_tag-tematica"],"jetpack_publicize_connections":[],"aioseo_notices":[],"_links":{"self":[{"href":"https:\/\/reposteriaesmeralda.com\/index.php\/wp-json\/wp\/v2\/product\/287","targetHints":{"allow":["GET"]}}],"collection":[{"href":"https:\/\/reposteriaesmeralda.com\/index.php\/wp-json\/wp\/v2\/product"}],"about":[{"href":"https:\/\/reposteriaesmeralda.com\/index.php\/wp-json\/wp\/v2\/types\/product"}],"replies":[{"embeddable":true,"href":"https:\/\/reposteriaesmeralda.com\/index.php\/wp-json\/wp\/v2\/comments?post=287"}],"wp:featuredmedia":[{"embeddable":true,"href":"https:\/\/reposteriaesmeralda.com\/index.php\/wp-json\/wp\/v2\/media\/300"}],"wp:attachment":[{"href":"https:\/\/reposteriaesmeralda.com\/index.php\/wp-json\/wp\/v2\/media?parent=287"}],"wp:term":[{"taxonomy":"product_cat","embeddable":true,"href":"https:\/\/reposteriaesmeralda.com\/index.php\/wp-json\/wp\/v2\/product_cat?post=287"},{"taxonomy":"product_tag","embeddable":true,"href":"https:\/\/reposteriaesmeralda.com\/index.php\/wp-json\/wp\/v2\/product_tag?post=287"}],"curies":[{"name":"wp","href":"https:\/\/api.w.org\/{rel}","templated":true}]}}