{"id":192,"date":"2023-10-21T02:48:46","date_gmt":"2023-10-21T00:48:46","guid":{"rendered":"https:\/\/reposteriaesmeralda.com\/?post_type=product&#038;p=192"},"modified":"2026-02-11T23:10:32","modified_gmt":"2026-02-11T22:10:32","slug":"pastel-rey","status":"publish","type":"product","link":"https:\/\/reposteriaesmeralda.com\/index.php\/product\/pastel-rey\/","title":{"rendered":"Pastel rey"},"content":{"rendered":"<p>Un dise\u00f1o muy lindo con tonos azules y destellos color oro. Este pastel est\u00e1 hecho con pan sabor vainilla, relleno de fresa, cubierto con bet\u00fan de mantequilla, y decorado con grageas totalmente comestibles.<\/p>\n<p>Este pastel es alto, y rinde hasta 14 porciones.<\/p>\n<p>Si necesitas una caja para transportarlo, no dudes agregarla al carrito.<\/p>\n<p><strong><img loading=\"lazy\" decoding=\"async\" class=\"wp-image-193 alignnone\" src=\"https:\/\/reposteriaesmeralda.com\/wp-content\/uploads\/2023\/10\/Logo-2021-circulofn-300x300.png\" alt=\"\" width=\"17\" height=\"17\" srcset=\"https:\/\/reposteriaesmeralda.com\/wp-content\/uploads\/2023\/10\/Logo-2021-circulofn-300x300.png 300w, https:\/\/reposteriaesmeralda.com\/wp-content\/uploads\/2023\/10\/Logo-2021-circulofn-1024x1024.png 1024w, https:\/\/reposteriaesmeralda.com\/wp-content\/uploads\/2023\/10\/Logo-2021-circulofn-150x150.png 150w, https:\/\/reposteriaesmeralda.com\/wp-content\/uploads\/2023\/10\/Logo-2021-circulofn-768x769.png 768w, https:\/\/reposteriaesmeralda.com\/wp-content\/uploads\/2023\/10\/Logo-2021-circulofn-450x450.png 450w, https:\/\/reposteriaesmeralda.com\/wp-content\/uploads\/2023\/10\/Logo-2021-circulofn-600x600.png 600w, https:\/\/reposteriaesmeralda.com\/wp-content\/uploads\/2023\/10\/Logo-2021-circulofn-100x100.png 100w, https:\/\/reposteriaesmeralda.com\/wp-content\/uploads\/2023\/10\/Logo-2021-circulofn.png 1248w\" sizes=\"auto, (max-width: 17px) 100vw, 17px\" \/>Tip de diamante:<\/strong> Agrega un letrero, tenemos mucha variedad.<\/p>\n","protected":false},"excerpt":{"rendered":"<p>Un dise\u00f1o muy lindo con tonos azules y destellos color oro. Este pastel est\u00e1 hecho con pan sabor vainilla, relleno de fresa, cubierto con bet\u00fan de mantequilla, y decorado con grageas totalmente comestibles. Este pastel es alto, y rinde hasta 14 porciones. Si necesitas una caja para transportarlo, no dudes agregarla al carrito. Tip de [&hellip;]<\/p>\n","protected":false},"featured_media":70,"comment_status":"closed","ping_status":"closed","template":"","meta":{"jetpack_publicize_message":"","jetpack_is_tweetstorm":false,"jetpack_publicize_feature_enabled":true,"jetpack_social_post_already_shared":true,"jetpack_social_options":{"image_generator_settings":{"template":"highway","enabled":false}}},"product_cat":[65,61],"product_tag":[78,74,77,72,79,73,75,21,71,76],"class_list":["post-192","product","type-product","status-publish","has-post-thumbnail","hentry","product_cat-mantequilla","product_cat-pasteles","product_tag-betun-de-mantequilla","product_tag-caketopper","product_tag-felicidades","product_tag-feliz-cumpleanos","product_tag-fiesta","product_tag-happy-birthday","product_tag-letrero","product_tag-pastel","product_tag-pastel-cumpleanos","product_tag-vela"],"jetpack_publicize_connections":[],"aioseo_notices":[],"_links":{"self":[{"href":"https:\/\/reposteriaesmeralda.com\/index.php\/wp-json\/wp\/v2\/product\/192","targetHints":{"allow":["GET"]}}],"collection":[{"href":"https:\/\/reposteriaesmeralda.com\/index.php\/wp-json\/wp\/v2\/product"}],"about":[{"href":"https:\/\/reposteriaesmeralda.com\/index.php\/wp-json\/wp\/v2\/types\/product"}],"replies":[{"embeddable":true,"href":"https:\/\/reposteriaesmeralda.com\/index.php\/wp-json\/wp\/v2\/comments?post=192"}],"wp:featuredmedia":[{"embeddable":true,"href":"https:\/\/reposteriaesmeralda.com\/index.php\/wp-json\/wp\/v2\/media\/70"}],"wp:attachment":[{"href":"https:\/\/reposteriaesmeralda.com\/index.php\/wp-json\/wp\/v2\/media?parent=192"}],"wp:term":[{"taxonomy":"product_cat","embeddable":true,"href":"https:\/\/reposteriaesmeralda.com\/index.php\/wp-json\/wp\/v2\/product_cat?post=192"},{"taxonomy":"product_tag","embeddable":true,"href":"https:\/\/reposteriaesmeralda.com\/index.php\/wp-json\/wp\/v2\/product_tag?post=192"}],"curies":[{"name":"wp","href":"https:\/\/api.w.org\/{rel}","templated":true}]}}