{"id":181,"date":"2023-10-19T19:47:25","date_gmt":"2023-10-19T17:47:25","guid":{"rendered":"https:\/\/reposteriaesmeralda.com\/?post_type=product&#038;p=181"},"modified":"2026-02-11T23:04:05","modified_gmt":"2026-02-11T22:04:05","slug":"desayuno-caja-graduacion","status":"publish","type":"product","link":"https:\/\/reposteriaesmeralda.com\/index.php\/product\/desayuno-caja-graduacion\/","title":{"rendered":"Desayuno sorpresa Graduaci\u00f3n"},"content":{"rendered":"<p>Env\u00eda un delicioso desayuno y sorprende con lo siguiente:<br \/>\nEn caja de madera y decorada con tonos seg\u00fan la tem\u00e1tica, incluye lo siguiente:<\/p>\n<p>1 Cuernito con mayonesa, jam\u00f3n y queso \u00f3 s\u00e1ndwich.<br \/>\n1 Carlota de lim\u00f3n, fresas o pl\u00e1tano<br \/>\n1 Pastel sabor vainilla, relleno de fresa, decorado con bet\u00fan de mantequilla y texto: &#8220;Felicidades&#8221;<br \/>\n2 Chocolates Carlos V Stick<br \/>\n1 Globo tem\u00e1tica de Graduaci\u00f3n o Feliz d\u00eda. Tenemos varias opciones.<br \/>\n1 Vaso con popote o cafetero. Tenemos varios colores.<br \/>\n1 Peluche chico a elegir. Ejemplo: Goku, Spiderman, batman, Stitch, Baby Yoda, Kuromi y variedad de ositos.<br \/>\nCosto $410 pesos<br \/>\nOpciones extras como chocolates Ferrero Rocher, decoraciones, cartita, foto impresa, etc.<br \/>\nEntregamos a domicilio (costo extra) y en nuestras sucursales:<br \/>\n\ud83d\udccd <strong>Apodaca Centro:<\/strong><br \/>\nCalle Mariano Matamoros #312A, Apodaca Centro, 66600, Cdad. Apodaca, N. L. Entre Jos\u00e9 Mar\u00eda Morelos y Pav\u00f3n y 5 de Mayo<br \/>\nhttps:\/\/maps.app.goo.gl\/3yFGEYzH5hDXW7Zy8<br \/>\nHorario de 10 a 6PM<\/p>\n<p><strong>\ud83d\udccdMetroplex:<\/strong><br \/>\nCalle N19, C. E Sexta 469, Metroplex II, 66612 Cdad. Apodaca, N.L.<br \/>\nhttps:\/\/maps.app.goo.gl\/NLpWNkQj42mXDTFT6<br \/>\nHorario de 12 a 8PM<\/p>\n<p>Revisa disponibilidad y agenda mediante \ud83d\udcf2 WhatsApp al 8186044627<br \/>\n<strong>Cat\u00e1logo en WhatsApp:<\/strong><br \/>\nhttps:\/\/wa.me\/c\/5218186044627<\/p>\n","protected":false},"excerpt":{"rendered":"<p>Env\u00edale un desayuno sorpresa a esa persona especial. Incluimos un cuernito, postres, chocolates y un cuernito.<\/p>\n<p>&nbsp;<\/p>\n","protected":false},"featured_media":1008,"comment_status":"open","ping_status":"closed","template":"","meta":{"jetpack_publicize_message":"","jetpack_is_tweetstorm":false,"jetpack_publicize_feature_enabled":true,"jetpack_social_post_already_shared":true,"jetpack_social_options":{"image_generator_settings":{"template":"highway","enabled":false}}},"product_cat":[15],"product_tag":[44,23,24,25,27,41,43,42,21,22,28],"class_list":["post-181","product","type-product","status-publish","has-post-thumbnail","hentry","product_cat-desayuno-sorpresa","product_tag-congrats","product_tag-desayuno","product_tag-desayuno-sorpresa","product_tag-envio-a-domicilio","product_tag-globos","product_tag-graduacion","product_tag-graduada","product_tag-graduados","product_tag-pastel","product_tag-postre","product_tag-regalos"],"jetpack_publicize_connections":[],"aioseo_notices":[],"_links":{"self":[{"href":"https:\/\/reposteriaesmeralda.com\/index.php\/wp-json\/wp\/v2\/product\/181","targetHints":{"allow":["GET"]}}],"collection":[{"href":"https:\/\/reposteriaesmeralda.com\/index.php\/wp-json\/wp\/v2\/product"}],"about":[{"href":"https:\/\/reposteriaesmeralda.com\/index.php\/wp-json\/wp\/v2\/types\/product"}],"replies":[{"embeddable":true,"href":"https:\/\/reposteriaesmeralda.com\/index.php\/wp-json\/wp\/v2\/comments?post=181"}],"wp:featuredmedia":[{"embeddable":true,"href":"https:\/\/reposteriaesmeralda.com\/index.php\/wp-json\/wp\/v2\/media\/1008"}],"wp:attachment":[{"href":"https:\/\/reposteriaesmeralda.com\/index.php\/wp-json\/wp\/v2\/media?parent=181"}],"wp:term":[{"taxonomy":"product_cat","embeddable":true,"href":"https:\/\/reposteriaesmeralda.com\/index.php\/wp-json\/wp\/v2\/product_cat?post=181"},{"taxonomy":"product_tag","embeddable":true,"href":"https:\/\/reposteriaesmeralda.com\/index.php\/wp-json\/wp\/v2\/product_tag?post=181"}],"curies":[{"name":"wp","href":"https:\/\/api.w.org\/{rel}","templated":true}]}}