{"id":25,"date":"2023-10-12T07:48:51","date_gmt":"2023-10-12T05:48:51","guid":{"rendered":"https:\/\/reposteriaesmeralda.com\/?page_id=25"},"modified":"2024-01-26T08:25:14","modified_gmt":"2024-01-26T07:25:14","slug":"quienes-somos","status":"publish","type":"page","link":"https:\/\/reposteriaesmeralda.com\/index.php\/quienes-somos\/","title":{"rendered":"\u00bfQuienes somos?"},"content":{"rendered":"\n<p class=\"has-text-align-justify\">Desde noviembre de 2016, nos dedicamos al servir al cliente en Reposter\u00eda Esmeralda, somos un emprendimiento que surge en Apodaca, Nuevo Le\u00f3n. Iniciamos con la venta de postres en los mercados rodantes, luego, empezamos con venta de deliciosos postres y bebidas en Metroplex, del mismo municipio. <br><br>Nos encanta innovar en nuestras preparaciones, ser parte de los momentos dulces de la vida y sobretodo, servir a nuestros clientes como se merecen.<\/p>\n\n\n\n<figure class=\"wp-block-image size-large is-resized\"><img loading=\"lazy\" decoding=\"async\" width=\"1024\" height=\"768\" src=\"https:\/\/reposteriaesmeralda.com\/wp-content\/uploads\/2023\/10\/IMG_20220821_220649-1024x768.jpg\" alt=\"\" class=\"wp-image-30\" style=\"width:680px;height:auto\" srcset=\"https:\/\/reposteriaesmeralda.com\/wp-content\/uploads\/2023\/10\/IMG_20220821_220649-1024x768.jpg 1024w, https:\/\/reposteriaesmeralda.com\/wp-content\/uploads\/2023\/10\/IMG_20220821_220649-300x225.jpg 300w, https:\/\/reposteriaesmeralda.com\/wp-content\/uploads\/2023\/10\/IMG_20220821_220649-768x576.jpg 768w, https:\/\/reposteriaesmeralda.com\/wp-content\/uploads\/2023\/10\/IMG_20220821_220649-1536x1152.jpg 1536w, https:\/\/reposteriaesmeralda.com\/wp-content\/uploads\/2023\/10\/IMG_20220821_220649-2048x1536.jpg 2048w, https:\/\/reposteriaesmeralda.com\/wp-content\/uploads\/2023\/10\/IMG_20220821_220649-1320x990.jpg 1320w, https:\/\/reposteriaesmeralda.com\/wp-content\/uploads\/2023\/10\/IMG_20220821_220649-600x450.jpg 600w\" sizes=\"auto, (max-width: 1024px) 100vw, 1024px\" \/><\/figure>\n\n\n\n<p>Somos emprendedores de Apodaca, Nuevo Le\u00f3n, comprometidos en utilizar materia prima de calidad mediante compras a proveedores y emprendedores locales. Hacemos y entregamos productos de calidad, brindamos el mejor servicio posible desde el servicio de preventa hasta postventa, nuestra intenci\u00f3n siempre es tratar de responder y aclarar tus dudas lo antes posible, por ello tratamos de ser r\u00e1pidos en nuestra atenci\u00f3n y servicio. Reiteramos nuestro compromiso en entregar un producto de calidad y a un precio justo.<\/p>\n\n\n\n<p>Ofrecemos la venta de postres desde nuestro domicilio en algunos puntos de entrega, entrega a domicilio (seg\u00fan disponibilidad) y servicio mediante Rappi<em>. <\/em>Brindamos servicio de pasteles personalizados, principalmente cubiertos con bet\u00fan de mantequilla y\/o vainilla, para tu evento especial. Adem\u00e1s, <a href=\"http:\/\/reposteriaesmeralda.com\/index.php\/product-category\/torre_de_donas\/\" target=\"_blank\" rel=\"noopener\" title=\"Cotiza tu torre de donas decoradas\">realizamos torres de donas decoradas<\/a> de acuerdo a la tem\u00e1tica del evento o gustos de la persona festejada. <\/p>\n\n\n\n<p>Vamos a eventos p\u00fablicos y privados con servicio de frapp\u00e9s desde nuestro remolque, tambi\u00e9n ofrecemos la decoraci\u00f3n de donas o de <em>cheesecake<\/em> en su evento. Da <a href=\"https:\/\/reposteriaesmeralda.com\/index.php\/mesa-de-postres\/\" target=\"_blank\" rel=\"noopener\" title=\"Mesa de postres\">click aqu\u00ed<\/a> para cotizar el servicio para tu evento.<strong>  <\/strong><br><br>\u00bfDesayuno sorpresa?, si, nosotros nos encargamos de que sea memorable. <a href=\"https:\/\/reposteriaesmeralda.com\/index.php\/product-category\/desayuno-sorpresa\/\" target=\"_blank\" rel=\"noopener\" title=\"Cotiza tu desayuno sorpresa\">\u00a1Cotiza, ya la mejor sorpresa para el desayuno! <\/a><\/p>\n\n\n\n<p><\/p>\n","protected":false},"excerpt":{"rendered":"<p>Desde noviembre de 2016, nos dedicamos al servir al cliente en Reposter\u00eda Esmeralda, somos un emprendimiento que surge en Apodaca, Nuevo Le\u00f3n. Iniciamos con la venta de postres en los mercados rodantes, luego, empezamos con venta de deliciosos postres y bebidas en Metroplex, del mismo municipio. Nos encanta innovar en nuestras preparaciones, ser parte de [&hellip;]<\/p>\n","protected":false},"author":1,"featured_media":0,"parent":0,"menu_order":0,"comment_status":"closed","ping_status":"closed","template":"","meta":{"footnotes":""},"class_list":["post-25","page","type-page","status-publish","hentry"],"aioseo_notices":[],"_links":{"self":[{"href":"https:\/\/reposteriaesmeralda.com\/index.php\/wp-json\/wp\/v2\/pages\/25","targetHints":{"allow":["GET"]}}],"collection":[{"href":"https:\/\/reposteriaesmeralda.com\/index.php\/wp-json\/wp\/v2\/pages"}],"about":[{"href":"https:\/\/reposteriaesmeralda.com\/index.php\/wp-json\/wp\/v2\/types\/page"}],"author":[{"embeddable":true,"href":"https:\/\/reposteriaesmeralda.com\/index.php\/wp-json\/wp\/v2\/users\/1"}],"replies":[{"embeddable":true,"href":"https:\/\/reposteriaesmeralda.com\/index.php\/wp-json\/wp\/v2\/comments?post=25"}],"version-history":[{"count":5,"href":"https:\/\/reposteriaesmeralda.com\/index.php\/wp-json\/wp\/v2\/pages\/25\/revisions"}],"predecessor-version":[{"id":419,"href":"https:\/\/reposteriaesmeralda.com\/index.php\/wp-json\/wp\/v2\/pages\/25\/revisions\/419"}],"wp:attachment":[{"href":"https:\/\/reposteriaesmeralda.com\/index.php\/wp-json\/wp\/v2\/media?parent=25"}],"curies":[{"name":"wp","href":"https:\/\/api.w.org\/{rel}","templated":true}]}}