{"id":168,"date":"2023-10-19T04:02:39","date_gmt":"2023-10-19T02:02:39","guid":{"rendered":"https:\/\/reposteriaesmeralda.com\/?page_id=168"},"modified":"2023-10-19T03:56:04","modified_gmt":"2023-10-19T01:56:04","slug":"quiero-ser-proveedor","status":"publish","type":"page","link":"https:\/\/reposteriaesmeralda.com\/index.php\/quiero-ser-proveedor\/","title":{"rendered":"Quiero ser proveedor"},"content":{"rendered":"\n<p>\u00a1Muchas gracias por tu inter\u00e9s! <\/p>\n\n\n\n<p>Por favor comp\u00e1rtenos tus datos y el cat\u00e1logo de tus productos al correo <a href=\"mailto:info@reposteriaesmeralda.com.mx\">info@reposteriaesmeralda.com.mx<\/a><\/p>\n","protected":false},"excerpt":{"rendered":"<p>\u00a1Muchas gracias por tu inter\u00e9s! Por favor comp\u00e1rtenos tus datos y el cat\u00e1logo de tus productos al correo info@reposteriaesmeralda.com.mx<\/p>\n","protected":false},"author":1,"featured_media":84,"parent":0,"menu_order":0,"comment_status":"closed","ping_status":"closed","template":"","meta":{"footnotes":""},"class_list":["post-168","page","type-page","status-publish","has-post-thumbnail","hentry"],"aioseo_notices":[],"_links":{"self":[{"href":"https:\/\/reposteriaesmeralda.com\/index.php\/wp-json\/wp\/v2\/pages\/168","targetHints":{"allow":["GET"]}}],"collection":[{"href":"https:\/\/reposteriaesmeralda.com\/index.php\/wp-json\/wp\/v2\/pages"}],"about":[{"href":"https:\/\/reposteriaesmeralda.com\/index.php\/wp-json\/wp\/v2\/types\/page"}],"author":[{"embeddable":true,"href":"https:\/\/reposteriaesmeralda.com\/index.php\/wp-json\/wp\/v2\/users\/1"}],"replies":[{"embeddable":true,"href":"https:\/\/reposteriaesmeralda.com\/index.php\/wp-json\/wp\/v2\/comments?post=168"}],"version-history":[{"count":1,"href":"https:\/\/reposteriaesmeralda.com\/index.php\/wp-json\/wp\/v2\/pages\/168\/revisions"}],"predecessor-version":[{"id":169,"href":"https:\/\/reposteriaesmeralda.com\/index.php\/wp-json\/wp\/v2\/pages\/168\/revisions\/169"}],"wp:featuredmedia":[{"embeddable":true,"href":"https:\/\/reposteriaesmeralda.com\/index.php\/wp-json\/wp\/v2\/media\/84"}],"wp:attachment":[{"href":"https:\/\/reposteriaesmeralda.com\/index.php\/wp-json\/wp\/v2\/media?parent=168"}],"curies":[{"name":"wp","href":"https:\/\/api.w.org\/{rel}","templated":true}]}}