{"id":112,"date":"2023-10-13T08:29:36","date_gmt":"2023-10-13T06:29:36","guid":{"rendered":"https:\/\/reposteriaesmeralda.com\/?page_id=112"},"modified":"2025-07-30T06:51:26","modified_gmt":"2025-07-30T04:51:26","slug":"sucursales","status":"publish","type":"page","link":"https:\/\/reposteriaesmeralda.com\/index.php\/sucursales\/","title":{"rendered":"Sucursales"},"content":{"rendered":"\n<h4 class=\"wp-block-heading has-base-color has-text-color\"><strong>Concordia<\/strong><\/h4>\n\n\n\n<p>\ud83d\udccd <strong>Reposter\u00eda Esmeralda Apodaca Centro<\/strong>:<br>Calle Mariano Matamoros #312, Apodaca Centro, 66600, Cdad. Apodaca, N. L. Entre Jos\u00e9 Mar\u00eda Morelos y Pav\u00f3n y 5 de Mayo<br><br><a href=\"https:\/\/maps.app.goo.gl\/3yFGEYzH5hDXW7Zy8\" target=\"_blank\" rel=\"noreferrer noopener\">https:\/\/maps.app.goo.gl\/3yFGEYzH5hDXW7Zy8<\/a><br><br>\ud83e\udd24Servicio de comedor y \ud83e\udd29 Pick &amp; Go<br>Horario de 10 a 6PM<\/p>\n\n\n\n<p><\/p>\n\n\n<iframe src=\"https:\/\/www.google.com\/maps\/embed?pb=!1m18!1m12!1m3!1d3592.686266127928!2d-100.18963232595205!3d25.780924307813056!2m3!1f0!2f0!3f0!3m2!1i1024!2i768!4f13.1!3m3!1m2!1s0x8662ed6e41d1dec1%3A0x4fae8a5ebd4d2a44!2sReposteria%20Esmeralda%20Apodaca%20Centro!5e0!3m2!1ses-419!2smx!4v1753850917795!5m2!1ses-419!2smx\" width=\"600\" height=\"450\" style=\"border:0;\" allowfullscreen=\"\" loading=\"lazy\" referrerpolicy=\"no-referrer-when-downgrade\"><\/iframe>\n\n\n<div style=\"height:33px\" aria-hidden=\"true\" class=\"wp-block-spacer\"><\/div>\n\n\n\n<h4 class=\"wp-block-heading has-base-color has-text-color\"><strong>Metroplex<\/strong><\/h4>\n\n\n\n<p class=\"has-small-font-size\">\ud83d\udccd<strong>Reposter\u00eda Esmeralda Metroplex:<\/strong><br>Calle N19, C. E Sexta 469, Metroplex II, 66612 Cdad. Apodaca, N.L.<br><br><a href=\"https:\/\/maps.app.goo.gl\/NLpWNkQj42mXDTFT6\" target=\"_blank\" rel=\"noreferrer noopener\">https:\/\/maps.app.goo.gl\/NLpWNkQj42mXDTFT6<\/a><br><br>\ud83e\udd29 Pick &amp; Go y \ud83d\udef5 env\u00edo a domicilio.<br>Horario de 12 a 8PM<\/p>\n\n\n<iframe src=\"https:\/\/www.google.com\/maps\/embed?pb=!1m14!1m8!1m3!1d3592.3412698702437!2d-100.248773!3d25.792313!3m2!1i1024!2i768!4f13.1!3m3!1m2!1s0x8662bfa8aa064cd1%3A0x5e7ab16c8cb663ff!2sReposter%C3%ADa%20Esmeralda%20NL%20Metroplex!5e0!3m2!1ses-419!2smx!4v1697644117869!5m2!1ses-419!2smx\" width=\"600\" height=\"450\" style=\"border:0;\" allowfullscreen=\"\" loading=\"lazy\" referrerpolicy=\"no-referrer-when-downgrade\"><\/iframe>\n\n\n<div style=\"height:33px\" aria-hidden=\"true\" class=\"wp-block-spacer\"><\/div>\n\n\n\n<div style=\"height:33px\" aria-hidden=\"true\" class=\"wp-block-spacer\"><\/div>\n","protected":false},"excerpt":{"rendered":"<p>Concordia \ud83d\udccd Reposter\u00eda Esmeralda Apodaca Centro:Calle Mariano Matamoros #312, Apodaca Centro, 66600, Cdad. Apodaca, N. L. Entre Jos\u00e9 Mar\u00eda Morelos y Pav\u00f3n y 5 de Mayo https:\/\/maps.app.goo.gl\/3yFGEYzH5hDXW7Zy8 \ud83e\udd24Servicio de comedor y \ud83e\udd29 Pick &amp; GoHorario de 10 a 6PM Metroplex \ud83d\udccdReposter\u00eda Esmeralda Metroplex:Calle N19, C. E Sexta 469, Metroplex II, 66612 Cdad. Apodaca, N.L. https:\/\/maps.app.goo.gl\/NLpWNkQj42mXDTFT6 [&hellip;]<\/p>\n","protected":false},"author":1,"featured_media":0,"parent":0,"menu_order":0,"comment_status":"closed","ping_status":"closed","template":"","meta":{"footnotes":""},"class_list":["post-112","page","type-page","status-publish","hentry"],"aioseo_notices":[],"_links":{"self":[{"href":"https:\/\/reposteriaesmeralda.com\/index.php\/wp-json\/wp\/v2\/pages\/112","targetHints":{"allow":["GET"]}}],"collection":[{"href":"https:\/\/reposteriaesmeralda.com\/index.php\/wp-json\/wp\/v2\/pages"}],"about":[{"href":"https:\/\/reposteriaesmeralda.com\/index.php\/wp-json\/wp\/v2\/types\/page"}],"author":[{"embeddable":true,"href":"https:\/\/reposteriaesmeralda.com\/index.php\/wp-json\/wp\/v2\/users\/1"}],"replies":[{"embeddable":true,"href":"https:\/\/reposteriaesmeralda.com\/index.php\/wp-json\/wp\/v2\/comments?post=112"}],"version-history":[{"count":7,"href":"https:\/\/reposteriaesmeralda.com\/index.php\/wp-json\/wp\/v2\/pages\/112\/revisions"}],"predecessor-version":[{"id":820,"href":"https:\/\/reposteriaesmeralda.com\/index.php\/wp-json\/wp\/v2\/pages\/112\/revisions\/820"}],"wp:attachment":[{"href":"https:\/\/reposteriaesmeralda.com\/index.php\/wp-json\/wp\/v2\/media?parent=112"}],"curies":[{"name":"wp","href":"https:\/\/api.w.org\/{rel}","templated":true}]}}