{"id":110,"date":"2023-10-13T08:16:45","date_gmt":"2023-10-13T06:16:45","guid":{"rendered":"https:\/\/reposteriaesmeralda.com\/?page_id=110"},"modified":"2023-10-13T08:16:47","modified_gmt":"2023-10-13T06:16:47","slug":"regalos-corporativos","status":"publish","type":"page","link":"https:\/\/reposteriaesmeralda.com\/index.php\/regalos-corporativos\/","title":{"rendered":"Regalos Corporativos"},"content":{"rendered":"\n<p>\u00bfQuieres sorprender a tus empleados en su cumplea\u00f1os?, o bien, ya te est\u00e1s preparando para sus regalos navide\u00f1os o para tus clientes&#8230; contamos con opciones personalizadas.<\/p>\n\n\n\n<div class=\"wp-block-columns is-layout-flex wp-container-core-columns-is-layout-28f84493 wp-block-columns-is-layout-flex\">\n<div class=\"wp-block-column is-layout-flow wp-block-column-is-layout-flow\">\n<figure class=\"wp-block-image size-full\"><img loading=\"lazy\" decoding=\"async\" width=\"768\" height=\"960\" src=\"https:\/\/reposteriaesmeralda.com\/wp-content\/uploads\/2023\/10\/cupsix.jpg\" alt=\"\" class=\"wp-image-40\" srcset=\"https:\/\/reposteriaesmeralda.com\/wp-content\/uploads\/2023\/10\/cupsix.jpg 768w, https:\/\/reposteriaesmeralda.com\/wp-content\/uploads\/2023\/10\/cupsix-240x300.jpg 240w, https:\/\/reposteriaesmeralda.com\/wp-content\/uploads\/2023\/10\/cupsix-600x750.jpg 600w\" sizes=\"auto, (max-width: 768px) 100vw, 768px\" \/><\/figure>\n<\/div>\n\n\n\n<div class=\"wp-block-column is-layout-flow wp-block-column-is-layout-flow\">\n<figure class=\"wp-block-image size-large\"><img loading=\"lazy\" decoding=\"async\" width=\"768\" height=\"1024\" src=\"https:\/\/reposteriaesmeralda.com\/wp-content\/uploads\/2023\/10\/brow-768x1024.jpg\" alt=\"\" class=\"wp-image-37\" srcset=\"https:\/\/reposteriaesmeralda.com\/wp-content\/uploads\/2023\/10\/brow-768x1024.jpg 768w, https:\/\/reposteriaesmeralda.com\/wp-content\/uploads\/2023\/10\/brow-225x300.jpg 225w, https:\/\/reposteriaesmeralda.com\/wp-content\/uploads\/2023\/10\/brow-1152x1536.jpg 1152w, https:\/\/reposteriaesmeralda.com\/wp-content\/uploads\/2023\/10\/brow-1320x1760.jpg 1320w, https:\/\/reposteriaesmeralda.com\/wp-content\/uploads\/2023\/10\/brow-600x800.jpg 600w, https:\/\/reposteriaesmeralda.com\/wp-content\/uploads\/2023\/10\/brow.jpg 1536w\" sizes=\"auto, (max-width: 768px) 100vw, 768px\" \/><\/figure>\n<\/div>\n<\/div>\n","protected":false},"excerpt":{"rendered":"<p>\u00bfQuieres sorprender a tus empleados en su cumplea\u00f1os?, o bien, ya te est\u00e1s preparando para sus regalos navide\u00f1os o para tus clientes&#8230; contamos con opciones personalizadas.<\/p>\n","protected":false},"author":1,"featured_media":0,"parent":0,"menu_order":0,"comment_status":"closed","ping_status":"closed","template":"","meta":{"footnotes":""},"class_list":["post-110","page","type-page","status-publish","hentry"],"aioseo_notices":[],"_links":{"self":[{"href":"https:\/\/reposteriaesmeralda.com\/index.php\/wp-json\/wp\/v2\/pages\/110","targetHints":{"allow":["GET"]}}],"collection":[{"href":"https:\/\/reposteriaesmeralda.com\/index.php\/wp-json\/wp\/v2\/pages"}],"about":[{"href":"https:\/\/reposteriaesmeralda.com\/index.php\/wp-json\/wp\/v2\/types\/page"}],"author":[{"embeddable":true,"href":"https:\/\/reposteriaesmeralda.com\/index.php\/wp-json\/wp\/v2\/users\/1"}],"replies":[{"embeddable":true,"href":"https:\/\/reposteriaesmeralda.com\/index.php\/wp-json\/wp\/v2\/comments?post=110"}],"version-history":[{"count":1,"href":"https:\/\/reposteriaesmeralda.com\/index.php\/wp-json\/wp\/v2\/pages\/110\/revisions"}],"predecessor-version":[{"id":111,"href":"https:\/\/reposteriaesmeralda.com\/index.php\/wp-json\/wp\/v2\/pages\/110\/revisions\/111"}],"wp:attachment":[{"href":"https:\/\/reposteriaesmeralda.com\/index.php\/wp-json\/wp\/v2\/media?parent=110"}],"curies":[{"name":"wp","href":"https:\/\/api.w.org\/{rel}","templated":true}]}}