{"id":105,"date":"2023-10-13T08:08:23","date_gmt":"2023-10-13T06:08:23","guid":{"rendered":"https:\/\/reposteriaesmeralda.com\/?page_id=105"},"modified":"2025-07-30T06:54:25","modified_gmt":"2025-07-30T04:54:25","slug":"formas-de-pago","status":"publish","type":"page","link":"https:\/\/reposteriaesmeralda.com\/index.php\/formas-de-pago\/","title":{"rendered":"Formas de pago"},"content":{"rendered":"\n<p>En cualquiera de nuestras 2 sucursales puedes realizar tu pago  en <strong>efectivo <\/strong>o v\u00eda transferencia, da clic aqu\u00ed para dirigirte a <a href=\"https:\/\/wa.me\/c\/5218186044627\" data-type=\"link\" data-id=\"https:\/\/wa.me\/c\/5218186044627\" target=\"_blank\" rel=\"noreferrer noopener\">WhatsApp<\/a> y enviarte los datos.  <br><br>Si deseas pagar con tarjeta f\u00edsica, acude a <a href=\"https:\/\/maps.app.goo.gl\/GxUn2Yj8maXzJwR59\" data-type=\"link\" data-id=\"https:\/\/maps.app.goo.gl\/GxUn2Yj8maXzJwR59\">Sucursal Centro de Apodaca<\/a>.<\/p>\n\n\n\n<p>Para agendar alg\u00fan pastel, puedes realizar tu pago por medio del carrito o bien, realizar transferencia para bloquear el espacio en agenda y programar tu entrega en la Sucursal m\u00e1s cercana para ti. <\/p>\n\n\n\n<div style=\"height:78px\" aria-hidden=\"true\" class=\"wp-block-spacer\"><\/div>\n","protected":false},"excerpt":{"rendered":"<p>En cualquiera de nuestras 2 sucursales puedes realizar tu pago en efectivo o v\u00eda transferencia, da clic aqu\u00ed para dirigirte a WhatsApp y enviarte los datos. Si deseas pagar con tarjeta f\u00edsica, acude a Sucursal Centro de Apodaca. Para agendar alg\u00fan pastel, puedes realizar tu pago por medio del carrito o bien, realizar transferencia para [&hellip;]<\/p>\n","protected":false},"author":1,"featured_media":0,"parent":0,"menu_order":0,"comment_status":"closed","ping_status":"closed","template":"","meta":{"footnotes":""},"class_list":["post-105","page","type-page","status-publish","hentry"],"aioseo_notices":[],"_links":{"self":[{"href":"https:\/\/reposteriaesmeralda.com\/index.php\/wp-json\/wp\/v2\/pages\/105","targetHints":{"allow":["GET"]}}],"collection":[{"href":"https:\/\/reposteriaesmeralda.com\/index.php\/wp-json\/wp\/v2\/pages"}],"about":[{"href":"https:\/\/reposteriaesmeralda.com\/index.php\/wp-json\/wp\/v2\/types\/page"}],"author":[{"embeddable":true,"href":"https:\/\/reposteriaesmeralda.com\/index.php\/wp-json\/wp\/v2\/users\/1"}],"replies":[{"embeddable":true,"href":"https:\/\/reposteriaesmeralda.com\/index.php\/wp-json\/wp\/v2\/comments?post=105"}],"version-history":[{"count":3,"href":"https:\/\/reposteriaesmeralda.com\/index.php\/wp-json\/wp\/v2\/pages\/105\/revisions"}],"predecessor-version":[{"id":821,"href":"https:\/\/reposteriaesmeralda.com\/index.php\/wp-json\/wp\/v2\/pages\/105\/revisions\/821"}],"wp:attachment":[{"href":"https:\/\/reposteriaesmeralda.com\/index.php\/wp-json\/wp\/v2\/media?parent=105"}],"curies":[{"name":"wp","href":"https:\/\/api.w.org\/{rel}","templated":true}]}}